{"id":646,"date":"2015-07-15T19:01:53","date_gmt":"2015-07-15T17:01:53","guid":{"rendered":"https:\/\/www.scappini.it\/?page_id=646"},"modified":"2015-07-15T19:01:53","modified_gmt":"2015-07-15T17:01:53","slug":"made-in-italy","status":"publish","type":"page","link":"https:\/\/www.scappini.it\/it\/made-in-italy\/","title":{"rendered":"Made in Italy"},"content":{"rendered":"<h1 id=\"custom-title-h1-1\" class=\"ui--animation catalogo-title\" style=\"text-align: center; \">Made in Italy<\/h1><div class=\"ui-row row\">\n <div   class=\"ui-column span4\"><\/div> \n\n <div   class=\"ui-column span4\"><div class=\"ui--image-wrap clearfix\" style=\"margin-bottom: 40px;\"><img loading=\"lazy\" decoding=\"async\" width=\"590\" height=\"56\" src=\"https:\/\/www.scappini.it\/wp-content\/uploads\/2015\/07\/divisore-catalogo.png\" class=\"ui--image ui--animation\" alt=\"\" title=\"divisore-catalogo\" id=\"ui--image-1\" srcset=\"https:\/\/www.scappini.it\/wp-content\/uploads\/2015\/07\/divisore-catalogo.png 590w, https:\/\/www.scappini.it\/wp-content\/uploads\/2015\/07\/divisore-catalogo-300x28.png 300w\" sizes=\"auto, (max-width: 590px) 100vw, 590px\" \/><\/div><\/div> \n\n <div   class=\"ui-column span4\"><\/div> \n\n<\/div> \n<div class=\"ui-row row\">\n <div   class=\"ui-column span4\"><div class=\"ui--image-wrap clearfix\"><img loading=\"lazy\" decoding=\"async\" width=\"530\" height=\"559\" src=\"https:\/\/www.scappini.it\/wp-content\/uploads\/2015\/07\/scappini-catalogue-4_1.jpg\" class=\"ui--image ui--animation\" alt=\"\" id=\"ui--image-2\" srcset=\"https:\/\/www.scappini.it\/wp-content\/uploads\/2015\/07\/scappini-catalogue-4_1.jpg 530w, https:\/\/www.scappini.it\/wp-content\/uploads\/2015\/07\/scappini-catalogue-4_1-284x300.jpg 284w\" sizes=\"auto, (max-width: 530px) 100vw, 530px\" \/><\/div><\/div> \n\n <div   class=\"ui-column span4\"><div class=\"auto-format ui--animation\"><p><strong>Verona ha una lunga tradizione nella produzione di mobili classici<\/strong>, dove curvature e bombature, intarsi e intagli, fresatura e levigatura, placcatura e lucidatura sono frutto di conoscenze e abilit\u00e0 secolari.<\/p>\n<p>Oggi la tecnologia aiuta, ma le capacit\u00e0 e le sensibilit\u00e0 manuali restano fondamentali. Per questo SCAPPINI &#038; C. dedica impegno nel selezionare artigiani d\u2019esperienza cos\u00ec da realizzare una produzione di mobili d\u2019alta gamma, 100% made in Italy.<\/p>\n<p>Il processo produttivo \u00e8 incentrato sulle richieste di qualit\u00e0 e selettivit\u00e0 dei clienti, con risposte e tempi sicuri. Certificati ISO9001:2008.<\/p>\n<\/div><\/div> \n\n <div   class=\"ui-column span4\"><div class=\"ui--image-wrap clearfix\"><img loading=\"lazy\" decoding=\"async\" width=\"881\" height=\"1278\" src=\"https:\/\/www.scappini.it\/wp-content\/uploads\/2015\/07\/scappini-catalogue-4_2.jpg\" class=\"ui--image ui--animation\" alt=\"\" id=\"ui--image-3\" srcset=\"https:\/\/www.scappini.it\/wp-content\/uploads\/2015\/07\/scappini-catalogue-4_2.jpg 881w, https:\/\/www.scappini.it\/wp-content\/uploads\/2015\/07\/scappini-catalogue-4_2-600x870.jpg 600w, https:\/\/www.scappini.it\/wp-content\/uploads\/2015\/07\/scappini-catalogue-4_2-207x300.jpg 207w, https:\/\/www.scappini.it\/wp-content\/uploads\/2015\/07\/scappini-catalogue-4_2-706x1024.jpg 706w\" sizes=\"auto, (max-width: 881px) 100vw, 881px\" \/><\/div><\/div> \n\n<\/div> \n<div  class=\"ui--space clearfix\" style=\"height: 80px;\" data-responsive=\"{&quot;css&quot;:{&quot;height&quot;:{&quot;phone&quot;:&quot;80px&quot;,&quot;tablet&quot;:&quot;80px&quot;,&quot;widescreen&quot;:&quot;80px&quot;}}}\"><\/div>","protected":false},"excerpt":{"rendered":"<p>Made in Italy Verona ha una lunga tradizione nella produzione di mobili classici, dove curvature e bombature, intarsi e intagli, fresatura e levigatura, placcatura e lucidatura sono frutto di conoscenze e abilit\u00e0 secolari. Oggi la tecnologia aiuta, ma le capacit\u00e0 e le sensibilit\u00e0 manuali restano fondamentali. Per questo SCAPPINI &#038; C. dedica impegno nel selezionare [&hellip;]<\/p>\n","protected":false},"author":1,"featured_media":0,"parent":0,"menu_order":134,"comment_status":"closed","ping_status":"open","template":"","meta":{"_monsterinsights_skip_tracking":false,"_monsterinsights_sitenote_active":false,"_monsterinsights_sitenote_note":"","_monsterinsights_sitenote_category":0,"footnotes":""},"class_list":["post-646","page","type-page","status-publish","hentry"],"yoast_head":"<!-- This site is optimized with the Yoast SEO plugin v26.7 - https:\/\/yoast.com\/wordpress\/plugins\/seo\/ -->\n<title>Made in Italy - Scappini &amp; C<\/title>\n<meta name=\"description\" content=\"Armadi classici, Armadi laccati, Arredamento classico, Arredamento contemporaneo, Arredamento luxury, Arredamento di lusso, Bagni classici, Camere da letto classiche, Camere da letto luxury, Camere da letto di lusso, Camere da letto in stile, Camerette classiche, Living classico, Living contemporaneo, Mobili in radica, Mobili in stile, Soggiorno classico, Vetrine classiche, Vetrine luxury, Vetrine moderne, Studio classico di lusso, Luxury living\" \/>\n<meta name=\"robots\" content=\"index, follow, max-snippet:-1, max-image-preview:large, max-video-preview:-1\" \/>\n<link rel=\"canonical\" href=\"https:\/\/www.scappini.it\/it\/made-in-italy\/\" \/>\n<meta property=\"og:locale\" content=\"it_IT\" \/>\n<meta property=\"og:type\" content=\"article\" \/>\n<meta property=\"og:title\" content=\"Made in Italy - Scappini &amp; C\" \/>\n<meta property=\"og:description\" content=\"Armadi classici, Armadi laccati, Arredamento classico, Arredamento contemporaneo, Arredamento luxury, Arredamento di lusso, Bagni classici, Camere da letto classiche, Camere da letto luxury, Camere da letto di lusso, Camere da letto in stile, Camerette classiche, Living classico, Living contemporaneo, Mobili in radica, Mobili in stile, Soggiorno classico, Vetrine classiche, Vetrine luxury, Vetrine moderne, Studio classico di lusso, Luxury living\" \/>\n<meta property=\"og:url\" content=\"https:\/\/www.scappini.it\/it\/made-in-italy\/\" \/>\n<meta property=\"og:site_name\" content=\"Scappini &amp; C\" \/>\n<meta name=\"twitter:card\" content=\"summary_large_image\" \/>\n<script type=\"application\/ld+json\" class=\"yoast-schema-graph\">{\"@context\":\"https:\/\/schema.org\",\"@graph\":[{\"@type\":\"WebPage\",\"@id\":\"https:\/\/www.scappini.it\/it\/made-in-italy\/\",\"url\":\"https:\/\/www.scappini.it\/it\/made-in-italy\/\",\"name\":\"Made in Italy - Scappini &amp; C\",\"isPartOf\":{\"@id\":\"https:\/\/www.scappini.it\/it\/#website\"},\"datePublished\":\"2015-07-15T17:01:53+00:00\",\"description\":\"Armadi classici, Armadi laccati, Arredamento classico, Arredamento contemporaneo, Arredamento luxury, Arredamento di lusso, Bagni classici, Camere da letto classiche, Camere da letto luxury, Camere da letto di lusso, Camere da letto in stile, Camerette classiche, Living classico, Living contemporaneo, Mobili in radica, Mobili in stile, Soggiorno classico, Vetrine classiche, Vetrine luxury, Vetrine moderne, Studio classico di lusso, Luxury living\",\"breadcrumb\":{\"@id\":\"https:\/\/www.scappini.it\/it\/made-in-italy\/#breadcrumb\"},\"inLanguage\":\"it-IT\",\"potentialAction\":[{\"@type\":\"ReadAction\",\"target\":[\"https:\/\/www.scappini.it\/it\/made-in-italy\/\"]}]},{\"@type\":\"BreadcrumbList\",\"@id\":\"https:\/\/www.scappini.it\/it\/made-in-italy\/#breadcrumb\",\"itemListElement\":[{\"@type\":\"ListItem\",\"position\":1,\"name\":\"Home\",\"item\":\"https:\/\/www.scappini.it\/it\/\"},{\"@type\":\"ListItem\",\"position\":2,\"name\":\"Made in Italy\"}]},{\"@type\":\"WebSite\",\"@id\":\"https:\/\/www.scappini.it\/it\/#website\",\"url\":\"https:\/\/www.scappini.it\/it\/\",\"name\":\"Scappini &amp; C\",\"description\":\"Classic Furniture\",\"publisher\":{\"@id\":\"https:\/\/www.scappini.it\/it\/#organization\"},\"potentialAction\":[{\"@type\":\"SearchAction\",\"target\":{\"@type\":\"EntryPoint\",\"urlTemplate\":\"https:\/\/www.scappini.it\/it\/?s={search_term_string}\"},\"query-input\":{\"@type\":\"PropertyValueSpecification\",\"valueRequired\":true,\"valueName\":\"search_term_string\"}}],\"inLanguage\":\"it-IT\"},{\"@type\":\"Organization\",\"@id\":\"https:\/\/www.scappini.it\/it\/#organization\",\"name\":\"SCAPPINI & C.\u00ae S.r.l.\",\"url\":\"https:\/\/www.scappini.it\/it\/\",\"logo\":{\"@type\":\"ImageObject\",\"inLanguage\":\"it-IT\",\"@id\":\"https:\/\/www.scappini.it\/it\/#\/schema\/logo\/image\/\",\"url\":\"https:\/\/www.scappini.it\/wp-content\/uploads\/2015\/07\/logo-scappini.png\",\"contentUrl\":\"https:\/\/www.scappini.it\/wp-content\/uploads\/2015\/07\/logo-scappini.png\",\"width\":320,\"height\":52,\"caption\":\"SCAPPINI & C.\u00ae S.r.l.\"},\"image\":{\"@id\":\"https:\/\/www.scappini.it\/it\/#\/schema\/logo\/image\/\"}}]}<\/script>\n<!-- \/ Yoast SEO plugin. -->","yoast_head_json":{"title":"Made in Italy - Scappini &amp; C","description":"Armadi classici, Armadi laccati, Arredamento classico, Arredamento contemporaneo, Arredamento luxury, Arredamento di lusso, Bagni classici, Camere da letto classiche, Camere da letto luxury, Camere da letto di lusso, Camere da letto in stile, Camerette classiche, Living classico, Living contemporaneo, Mobili in radica, Mobili in stile, Soggiorno classico, Vetrine classiche, Vetrine luxury, Vetrine moderne, Studio classico di lusso, Luxury living","robots":{"index":"index","follow":"follow","max-snippet":"max-snippet:-1","max-image-preview":"max-image-preview:large","max-video-preview":"max-video-preview:-1"},"canonical":"https:\/\/www.scappini.it\/it\/made-in-italy\/","og_locale":"it_IT","og_type":"article","og_title":"Made in Italy - Scappini &amp; C","og_description":"Armadi classici, Armadi laccati, Arredamento classico, Arredamento contemporaneo, Arredamento luxury, Arredamento di lusso, Bagni classici, Camere da letto classiche, Camere da letto luxury, Camere da letto di lusso, Camere da letto in stile, Camerette classiche, Living classico, Living contemporaneo, Mobili in radica, Mobili in stile, Soggiorno classico, Vetrine classiche, Vetrine luxury, Vetrine moderne, Studio classico di lusso, Luxury living","og_url":"https:\/\/www.scappini.it\/it\/made-in-italy\/","og_site_name":"Scappini &amp; C","twitter_card":"summary_large_image","schema":{"@context":"https:\/\/schema.org","@graph":[{"@type":"WebPage","@id":"https:\/\/www.scappini.it\/it\/made-in-italy\/","url":"https:\/\/www.scappini.it\/it\/made-in-italy\/","name":"Made in Italy - Scappini &amp; C","isPartOf":{"@id":"https:\/\/www.scappini.it\/it\/#website"},"datePublished":"2015-07-15T17:01:53+00:00","description":"Armadi classici, Armadi laccati, Arredamento classico, Arredamento contemporaneo, Arredamento luxury, Arredamento di lusso, Bagni classici, Camere da letto classiche, Camere da letto luxury, Camere da letto di lusso, Camere da letto in stile, Camerette classiche, Living classico, Living contemporaneo, Mobili in radica, Mobili in stile, Soggiorno classico, Vetrine classiche, Vetrine luxury, Vetrine moderne, Studio classico di lusso, Luxury living","breadcrumb":{"@id":"https:\/\/www.scappini.it\/it\/made-in-italy\/#breadcrumb"},"inLanguage":"it-IT","potentialAction":[{"@type":"ReadAction","target":["https:\/\/www.scappini.it\/it\/made-in-italy\/"]}]},{"@type":"BreadcrumbList","@id":"https:\/\/www.scappini.it\/it\/made-in-italy\/#breadcrumb","itemListElement":[{"@type":"ListItem","position":1,"name":"Home","item":"https:\/\/www.scappini.it\/it\/"},{"@type":"ListItem","position":2,"name":"Made in Italy"}]},{"@type":"WebSite","@id":"https:\/\/www.scappini.it\/it\/#website","url":"https:\/\/www.scappini.it\/it\/","name":"Scappini &amp; C","description":"Classic Furniture","publisher":{"@id":"https:\/\/www.scappini.it\/it\/#organization"},"potentialAction":[{"@type":"SearchAction","target":{"@type":"EntryPoint","urlTemplate":"https:\/\/www.scappini.it\/it\/?s={search_term_string}"},"query-input":{"@type":"PropertyValueSpecification","valueRequired":true,"valueName":"search_term_string"}}],"inLanguage":"it-IT"},{"@type":"Organization","@id":"https:\/\/www.scappini.it\/it\/#organization","name":"SCAPPINI & C.\u00ae S.r.l.","url":"https:\/\/www.scappini.it\/it\/","logo":{"@type":"ImageObject","inLanguage":"it-IT","@id":"https:\/\/www.scappini.it\/it\/#\/schema\/logo\/image\/","url":"https:\/\/www.scappini.it\/wp-content\/uploads\/2015\/07\/logo-scappini.png","contentUrl":"https:\/\/www.scappini.it\/wp-content\/uploads\/2015\/07\/logo-scappini.png","width":320,"height":52,"caption":"SCAPPINI & C.\u00ae S.r.l."},"image":{"@id":"https:\/\/www.scappini.it\/it\/#\/schema\/logo\/image\/"}}]}},"_links":{"self":[{"href":"https:\/\/www.scappini.it\/it\/wp-json\/wp\/v2\/pages\/646","targetHints":{"allow":["GET"]}}],"collection":[{"href":"https:\/\/www.scappini.it\/it\/wp-json\/wp\/v2\/pages"}],"about":[{"href":"https:\/\/www.scappini.it\/it\/wp-json\/wp\/v2\/types\/page"}],"author":[{"embeddable":true,"href":"https:\/\/www.scappini.it\/it\/wp-json\/wp\/v2\/users\/1"}],"replies":[{"embeddable":true,"href":"https:\/\/www.scappini.it\/it\/wp-json\/wp\/v2\/comments?post=646"}],"version-history":[{"count":1,"href":"https:\/\/www.scappini.it\/it\/wp-json\/wp\/v2\/pages\/646\/revisions"}],"predecessor-version":[{"id":650,"href":"https:\/\/www.scappini.it\/it\/wp-json\/wp\/v2\/pages\/646\/revisions\/650"}],"wp:attachment":[{"href":"https:\/\/www.scappini.it\/it\/wp-json\/wp\/v2\/media?parent=646"}],"curies":[{"name":"wp","href":"https:\/\/api.w.org\/{rel}","templated":true}]}}